{"id":175,"date":"2024-11-05T22:56:25","date_gmt":"2024-11-05T21:56:25","guid":{"rendered":"https:\/\/www.vip-cards.eu\/?post_type=product&#038;p=175"},"modified":"2024-11-30T20:32:57","modified_gmt":"2024-11-30T19:32:57","slug":"metal-business-card","status":"publish","type":"product","link":"https:\/\/www.vip-cards.eu\/sk\/produkt\/metal-business-card\/","title":{"rendered":"Metal BUSINESS card"},"content":{"rendered":"<p class=\"p1\">Predstavujeme v\u00e1m na\u0161u exkluz\u00edvnu digit\u00e1lnu vizitku, navrhnut\u00fa \u0161peci\u00e1lne pre t\u00fdch, ktor\u00ed chc\u00fa prezentova\u0165 svoju zna\u010dku modern\u00fdm a inovat\u00edvnym sp\u00f4sobom. T\u00e1to vizitka je vybaven\u00e1 NFC \u010dipom, ktor\u00fd umo\u017e\u0148uje jednoduch\u00e9 a r\u00fdchle zdie\u013eanie kontaktov a \u010fal\u0161\u00edch inform\u00e1ci\u00ed jednoduch\u00fdm prilo\u017een\u00edm k mobiln\u00e9mu zariadeniu.<\/p>\n<h5 class=\"p1\" style=\"text-decoration: underline;\"><b>V\u00fdhody:<\/b><b><\/b><\/h5>\n<p class=\"p3\"><b>Modern\u00fd dizajn<\/b> prezentujte svoju zna\u010dku inovat\u00edvne s technol\u00f3giou NFC, ktor\u00e1 zanech\u00e1 trval\u00fd dojem.<\/p>\n<p class=\"p3\"><b>Zjednodu\u0161en\u00e1 komunik\u00e1cia<\/b> umo\u017enite r\u00fdchly pr\u00edstup k va\u0161im kontaktom a inform\u00e1ci\u00e1m, \u010d\u00edm u\u013eah\u010d\u00edte komunik\u00e1ciu so svojimi klientmi.<\/p>\n<p class=\"p3\"><b>Trv\u00e1cnos\u0165:<\/b> kvalitn\u00e9 materi\u00e1ly zaru\u010duj\u00fa dlh\u00fa \u017eivotnos\u0165 vizitky<\/p>\n<p>&nbsp;<\/p>\n<h5 class=\"p1\" style=\"text-decoration: underline;\"><b>Vlastnosti:<\/b><b><\/b><\/h5>\n<p class=\"p3\"><b>Hr\u00fabka:<\/b> 0.6mm bez NFC \u010dipu \/ 1mm s NFC \u010dipom<\/p>\n<p class=\"p3\"><b>Materi\u00e1l:<\/b> nerezov\u00e1 oce\u013e alebo mosadz<\/p>\n<p class=\"p3\"><b>Personaliz\u00e1cia:<\/b> mo\u017enos\u0165 grav\u00edrovania mena a profesie<\/p>","protected":false},"excerpt":{"rendered":"<p>We present to you our exclusive NFC business card, specially designed for those who want to showcase their brand in a modern and innovative way. This business card is equipped with an NFC chip that allows for easy and quick sharing of contacts and other information by simply tapping it against a mobile device. Advantages: [&hellip;]<\/p>","protected":false},"featured_media":1456,"comment_status":"open","ping_status":"closed","template":"","meta":[],"product_brand":[],"product_cat":[86,18],"product_tag":[],"class_list":{"0":"post-175","1":"product","2":"type-product","3":"status-publish","4":"has-post-thumbnail","6":"product_cat-metal","7":"product_cat-vizitky","8":"pa_nfc-qr-code","9":"pa_nfc-qr-code-nfc","11":"first","12":"instock","13":"shipping-taxable","14":"purchasable","15":"product-type-variable","16":"has-default-attributes"},"aioseo_notices":[],"tiered_pricing_type":"fixed","tiered_pricing_fixed_rules":[],"tiered_pricing_product_settings":{"layout":"default","base_unit_name":{"singular":null,"plural":null},"default_variation":null},"tiered_pricing_minimum_quantity":null,"tiered_pricing_roles_data":[],"tiered_pricing_percentage_rules":[],"_links":{"self":[{"href":"https:\/\/www.vip-cards.eu\/sk\/wp-json\/wp\/v2\/product\/175"}],"collection":[{"href":"https:\/\/www.vip-cards.eu\/sk\/wp-json\/wp\/v2\/product"}],"about":[{"href":"https:\/\/www.vip-cards.eu\/sk\/wp-json\/wp\/v2\/types\/product"}],"replies":[{"embeddable":true,"href":"https:\/\/www.vip-cards.eu\/sk\/wp-json\/wp\/v2\/comments?post=175"}],"wp:featuredmedia":[{"embeddable":true,"href":"https:\/\/www.vip-cards.eu\/sk\/wp-json\/wp\/v2\/media\/1456"}],"wp:attachment":[{"href":"https:\/\/www.vip-cards.eu\/sk\/wp-json\/wp\/v2\/media?parent=175"}],"wp:term":[{"taxonomy":"product_brand","embeddable":true,"href":"https:\/\/www.vip-cards.eu\/sk\/wp-json\/wp\/v2\/product_brand?post=175"},{"taxonomy":"product_cat","embeddable":true,"href":"https:\/\/www.vip-cards.eu\/sk\/wp-json\/wp\/v2\/product_cat?post=175"},{"taxonomy":"product_tag","embeddable":true,"href":"https:\/\/www.vip-cards.eu\/sk\/wp-json\/wp\/v2\/product_tag?post=175"}],"curies":[{"name":"wp","href":"https:\/\/api.w.org\/{rel}","templated":true}]}}