{"id":169,"date":"2024-11-23T16:11:07","date_gmt":"2024-11-23T15:11:07","guid":{"rendered":"https:\/\/www.vip-cards.eu\/?post_type=product&#038;p=169"},"modified":"2024-12-16T23:39:02","modified_gmt":"2024-12-16T22:39:02","slug":"vip-gold-card","status":"publish","type":"product","link":"https:\/\/www.vip-cards.eu\/sk\/produkt\/vip-gold-card\/","title":{"rendered":"VIP GOLD card"},"content":{"rendered":"<p class=\"p1\">Predstavujeme v\u00e1m na\u0161u exkluz\u00edvnu VIP kartu, navrhnut\u00fa \u0161peci\u00e1lne pre prest\u00ed\u017ene hotely, luxusn\u00e9 kluby a \u010fal\u0161ie exkluz\u00edvne zariadenia. T\u00e1to karta je vyroben\u00e1 z vysoko kvalitnej mosadze, \u010do jej dod\u00e1va nielen elegantn\u00fd vzh\u013ead, ale aj dlh\u00fa \u017eivotnos\u0165 a odolnos\u0165 proti opotrebeniu.<\/p>\n<h5 class=\"p1\" style=\"text-decoration: underline;\"><strong>V\u00fdhody:<\/strong><\/h5>\n<p class=\"p1\"><strong>Posilnenie zna\u010dky:<\/strong> prezentujte svoju zna\u010dku v najlep\u0161om svetle s kartou, ktor\u00e1 odr\u00e1\u017ea va\u0161u exkluzivitu a profesionalitu.<\/p>\n<p class=\"p1\"><strong>Zv\u00fd\u0161enie lojality:<\/strong> poskytnite svojim klientom pocit v\u00fdnimo\u010dnosti a podporujte ich vernos\u0165 prostredn\u00edctvom pr\u00e9miov\u00fdch v\u00fdhod.<\/p>\n<p class=\"p1\"><strong>Trv\u00e1cnos\u0165<\/strong>: kvalitn\u00e9 materi\u00e1ly zaru\u010duj\u00fa dlh\u00fa \u017eivotnos\u0165 karty, \u010do zni\u017euje potrebu \u010dastej v\u00fdmeny a udr\u017eiava va\u0161u zna\u010dku st\u00e1le v popred\u00ed.<\/p>\n<p>&nbsp;<\/p>\n<h5 class=\"p1\" style=\"text-decoration: underline;\"><strong>Vlastnosti:<\/strong><\/h5>\n<p class=\"p1\"><strong>Hr\u00fabka:<\/strong> 0.6mm<\/p>\n<p class=\"p1\"><strong>Materi\u00e1l:<\/strong> mosadz<\/p>\n<p class=\"p1\"><strong>Personaliz\u00e1cia:<\/strong> mo\u017enos\u0165 grav\u00edrovania loga, alebo fotografie pre jedine\u010dn\u00fd charakter karty.<\/p>\n<p class=\"p1\"><strong>Bezpe\u010dnos\u0165:<\/strong> hologram na celej ploche vizitky zvy\u0161uje ochranu pred sfal\u0161ovan\u00edm<\/p>","protected":false},"excerpt":{"rendered":"<p>We present to you our exclusive VIP GOLD card, specially designed for prestigious hotels, luxury clubs, and other exclusive establishments. This card is made of high-quality brass, which not only gives it an elegant appearance but also ensures long durability and resistance to wear. Advantages: Brand Enhancement: showcase your brand in the best light with [&hellip;]<\/p>","protected":false},"featured_media":1455,"comment_status":"open","ping_status":"closed","template":"","meta":[],"product_brand":[],"product_cat":[17],"product_tag":[],"class_list":{"0":"post-169","1":"product","2":"type-product","3":"status-publish","4":"has-post-thumbnail","6":"product_cat-vip-karty","7":"pa_nfc-qr-code","8":"pa_nfc-qr-code-nfc","10":"first","11":"instock","12":"shipping-taxable","13":"purchasable","14":"product-type-simple"},"aioseo_notices":[],"tiered_pricing_type":"fixed","tiered_pricing_fixed_rules":{"10":"50","25":"30"},"tiered_pricing_product_settings":{"layout":"default","base_unit_name":{"singular":null,"plural":null},"default_variation":null},"tiered_pricing_minimum_quantity":null,"tiered_pricing_roles_data":[],"tiered_pricing_percentage_rules":[],"_links":{"self":[{"href":"https:\/\/www.vip-cards.eu\/sk\/wp-json\/wp\/v2\/product\/169"}],"collection":[{"href":"https:\/\/www.vip-cards.eu\/sk\/wp-json\/wp\/v2\/product"}],"about":[{"href":"https:\/\/www.vip-cards.eu\/sk\/wp-json\/wp\/v2\/types\/product"}],"replies":[{"embeddable":true,"href":"https:\/\/www.vip-cards.eu\/sk\/wp-json\/wp\/v2\/comments?post=169"}],"wp:featuredmedia":[{"embeddable":true,"href":"https:\/\/www.vip-cards.eu\/sk\/wp-json\/wp\/v2\/media\/1455"}],"wp:attachment":[{"href":"https:\/\/www.vip-cards.eu\/sk\/wp-json\/wp\/v2\/media?parent=169"}],"wp:term":[{"taxonomy":"product_brand","embeddable":true,"href":"https:\/\/www.vip-cards.eu\/sk\/wp-json\/wp\/v2\/product_brand?post=169"},{"taxonomy":"product_cat","embeddable":true,"href":"https:\/\/www.vip-cards.eu\/sk\/wp-json\/wp\/v2\/product_cat?post=169"},{"taxonomy":"product_tag","embeddable":true,"href":"https:\/\/www.vip-cards.eu\/sk\/wp-json\/wp\/v2\/product_tag?post=169"}],"curies":[{"name":"wp","href":"https:\/\/api.w.org\/{rel}","templated":true}]}}