{"id":99,"date":"2024-11-05T14:41:18","date_gmt":"2024-11-05T13:41:18","guid":{"rendered":"https:\/\/www.vip-cards.eu\/?page_id=99"},"modified":"2025-04-03T20:29:25","modified_gmt":"2025-04-03T18:29:25","slug":"terms-of-service","status":"publish","type":"page","link":"https:\/\/www.vip-cards.eu\/sk\/terms-of-service\/","title":{"rendered":"V\u0161eobecn\u00e9 obchodn\u00e9 podmienky"},"content":{"rendered":"","protected":false},"excerpt":{"rendered":"","protected":false},"author":1,"featured_media":0,"parent":0,"menu_order":0,"comment_status":"closed","ping_status":"closed","template":"","meta":{"footnotes":""},"class_list":["post-99","page","type-page","status-publish","hentry"],"aioseo_notices":[],"_links":{"self":[{"href":"https:\/\/www.vip-cards.eu\/sk\/wp-json\/wp\/v2\/pages\/99"}],"collection":[{"href":"https:\/\/www.vip-cards.eu\/sk\/wp-json\/wp\/v2\/pages"}],"about":[{"href":"https:\/\/www.vip-cards.eu\/sk\/wp-json\/wp\/v2\/types\/page"}],"author":[{"embeddable":true,"href":"https:\/\/www.vip-cards.eu\/sk\/wp-json\/wp\/v2\/users\/1"}],"replies":[{"embeddable":true,"href":"https:\/\/www.vip-cards.eu\/sk\/wp-json\/wp\/v2\/comments?post=99"}],"version-history":[{"count":22,"href":"https:\/\/www.vip-cards.eu\/sk\/wp-json\/wp\/v2\/pages\/99\/revisions"}],"predecessor-version":[{"id":2235,"href":"https:\/\/www.vip-cards.eu\/sk\/wp-json\/wp\/v2\/pages\/99\/revisions\/2235"}],"wp:attachment":[{"href":"https:\/\/www.vip-cards.eu\/sk\/wp-json\/wp\/v2\/media?parent=99"}],"curies":[{"name":"wp","href":"https:\/\/api.w.org\/{rel}","templated":true}]}}