{"id":175,"date":"2024-11-05T22:56:25","date_gmt":"2024-11-05T21:56:25","guid":{"rendered":"https:\/\/www.vip-cards.eu\/?post_type=product&#038;p=175"},"modified":"2024-11-30T20:32:57","modified_gmt":"2024-11-30T19:32:57","slug":"metal-business-card","status":"publish","type":"product","link":"https:\/\/www.vip-cards.eu\/de\/produkt\/metal-business-card\/","title":{"rendered":"Metal BUSINESS card"},"content":{"rendered":"<p class=\"p1\">Wir pr\u00e4sentieren Ihnen unsere exklusive NFC Visitenkarte, speziell entwickelt f\u00fcr diejenigen, die ihre Marke auf moderne und innovative Weise pr\u00e4sentieren m\u00f6chten. Diese Visitenkarte ist mit einem NFC-Chip ausgestattet, der das einfache und schnelle Teilen von Kontakten und anderen Informationen erm\u00f6glicht, indem man sie einfach an ein mobiles Ger\u00e4t h\u00e4lt.<\/p>\n<h5 class=\"p1\" style=\"text-decoration: underline;\"><b>Vorteile:<\/b><b><\/b><\/h5>\n<p class=\"p3\"><b>Modernes Design<\/b> pr\u00e4sentieren Sie Ihre Marke innovativ mit NFC-Technologie, die einen bleibenden Eindruck hinterl\u00e4sst.<\/p>\n<p class=\"p3\"><b>Vereinfachte Kommunikation<\/b> erm\u00f6glichen Sie schnellen Zugriff auf Ihre Kontakte und Informationen, wodurch die Kommunikation mit Ihren Kunden erleichtert wird.<\/p>\n<p class=\"p3\"><b>Haltbarkeit:<\/b> hochwertige Materialien sorgen f\u00fcr eine lange Lebensdauer der Visitenkarte.<\/p>\n<p>&nbsp;<\/p>\n<h5 class=\"p1\" style=\"text-decoration: underline;\"><b>Merkmale:<\/b><b><\/b><\/h5>\n<p class=\"p3\"><b>Dicke:<\/b> 0,6 mm ohne NFC-Chip \/ 1 mm mit NFC-Chip<\/p>\n<p class=\"p3\"><b>Material:<\/b> Messing\/Edelstahl<\/p>\n<p class=\"p3\"><b>Personalisierung:<\/b> M\u00f6glichkeit zur Gravur von Namen und Beruf<\/p>","protected":false},"excerpt":{"rendered":"<p>We present to you our exclusive NFC business card, specially designed for those who want to showcase their brand in a modern and innovative way. This business card is equipped with an NFC chip that allows for easy and quick sharing of contacts and other information by simply tapping it against a mobile device. Advantages: [&hellip;]<\/p>","protected":false},"featured_media":1456,"comment_status":"open","ping_status":"closed","template":"","meta":[],"product_brand":[],"product_cat":[86,18],"product_tag":[],"class_list":{"0":"post-175","1":"product","2":"type-product","3":"status-publish","4":"has-post-thumbnail","6":"product_cat-metal","7":"product_cat-vizitky","8":"pa_nfc-qr-code","9":"pa_nfc-qr-code-nfc","11":"first","12":"instock","13":"shipping-taxable","14":"purchasable","15":"product-type-variable","16":"has-default-attributes"},"aioseo_notices":[],"tiered_pricing_type":"fixed","tiered_pricing_fixed_rules":[],"tiered_pricing_product_settings":{"layout":"default","base_unit_name":{"singular":null,"plural":null},"default_variation":null},"tiered_pricing_minimum_quantity":null,"tiered_pricing_roles_data":[],"tiered_pricing_percentage_rules":[],"_links":{"self":[{"href":"https:\/\/www.vip-cards.eu\/de\/wp-json\/wp\/v2\/product\/175"}],"collection":[{"href":"https:\/\/www.vip-cards.eu\/de\/wp-json\/wp\/v2\/product"}],"about":[{"href":"https:\/\/www.vip-cards.eu\/de\/wp-json\/wp\/v2\/types\/product"}],"replies":[{"embeddable":true,"href":"https:\/\/www.vip-cards.eu\/de\/wp-json\/wp\/v2\/comments?post=175"}],"wp:featuredmedia":[{"embeddable":true,"href":"https:\/\/www.vip-cards.eu\/de\/wp-json\/wp\/v2\/media\/1456"}],"wp:attachment":[{"href":"https:\/\/www.vip-cards.eu\/de\/wp-json\/wp\/v2\/media?parent=175"}],"wp:term":[{"taxonomy":"product_brand","embeddable":true,"href":"https:\/\/www.vip-cards.eu\/de\/wp-json\/wp\/v2\/product_brand?post=175"},{"taxonomy":"product_cat","embeddable":true,"href":"https:\/\/www.vip-cards.eu\/de\/wp-json\/wp\/v2\/product_cat?post=175"},{"taxonomy":"product_tag","embeddable":true,"href":"https:\/\/www.vip-cards.eu\/de\/wp-json\/wp\/v2\/product_tag?post=175"}],"curies":[{"name":"wp","href":"https:\/\/api.w.org\/{rel}","templated":true}]}}